{"id":9348,"date":"2025-10-22T14:44:42","date_gmt":"2025-10-22T19:44:42","guid":{"rendered":"http:\/\/190.146.68.31\/oscar-azula\/?page_id=9348"},"modified":"2026-01-28T13:46:01","modified_gmt":"2026-01-28T18:46:01","slug":"inicio","status":"publish","type":"page","link":"https:\/\/oscarazula.art\/","title":{"rendered":"Inicio"},"content":{"rendered":"\t\t<div data-elementor-type=\"wp-page\" data-elementor-id=\"9348\" class=\"elementor elementor-9348\">\n\t\t\t\t\t\t<section class=\"elementor-section elementor-top-section elementor-element elementor-element-355b641 elementor-section-full_width elementor-section-height-full elementor-section-items-bottom elementor-section-height-default qodef-elementor-content-no qodef-elementor-column-no\" data-id=\"355b641\" data-element_type=\"section\" data-settings=\"{&quot;background_background&quot;:&quot;classic&quot;}\">\n\t\t\t\t\t\t<div class=\"elementor-container elementor-column-gap-default\">\n\t\t\t\t\t<div class=\"elementor-column elementor-col-100 elementor-top-column elementor-element elementor-element-6c218aa\" data-id=\"6c218aa\" data-element_type=\"column\">\n\t\t\t<div class=\"elementor-widget-wrap elementor-element-populated\">\n\t\t\t\t\t\t<div class=\"elementor-element elementor-element-60c9007 elementor-widget__width-initial elementor-widget elementor-widget-hiroshi_core_section_title\" data-id=\"60c9007\" data-element_type=\"widget\" data-widget_type=\"hiroshi_core_section_title.default\">\n\t\t\t\t<div class=\"elementor-widget-container\">\n\t\t\t\t\t<div class=\"qodef-shortcode qodef-m qodef-section-title qodef-alignment--left\">\n\t\t<h1 class=\"qodef-m-title\" style=\"color: #FFFFFF\">\n\t\t\t\t\tOBRAS\t\t\t<\/h1>\n\t<\/div>\n\t\t\t\t<\/div>\n\t\t\t\t<\/div>\n\t\t\t\t<div class=\"elementor-element elementor-element-bd9b5df elementor-widget elementor-widget-hiroshi_core_button\" data-id=\"bd9b5df\" data-element_type=\"widget\" data-widget_type=\"hiroshi_core_button.default\">\n\t\t\t\t<div class=\"elementor-widget-container\">\n\t\t\t\t\t<a class=\"qodef-shortcode qodef-m qodef-button qodef-layout--filled qodef-html--link\" href=\"https:\/\/oscarazula.art\/index.php\/dibujo-instalativo\/\" target=\"_self\" data-hover-color=\"#FFFFFF\" data-hover-background-color=\"#FFFFFF\" data-hover-border-color=\"#000000\" style=\"color: #010101;background-color: #000000;border-color: #FFFFFF;--qodef-hover-bg-color:#FFFFFF\">\n\t<span class=\"qodef-m-text\">Ver m\u00e1s<\/span>\n<\/a>\n\t\t\t\t<\/div>\n\t\t\t\t<\/div>\n\t\t\t\t\t<\/div>\n\t\t<\/div>\n\t\t\t\t\t<\/div>\n\t\t<\/section>\n\t\t\t\t<section class=\"elementor-section elementor-top-section elementor-element elementor-element-b15e20a elementor-section-full_width elementor-section-height-full elementor-section-items-bottom elementor-section-height-default qodef-elementor-content-no qodef-elementor-column-no\" data-id=\"b15e20a\" data-element_type=\"section\" data-settings=\"{&quot;background_background&quot;:&quot;classic&quot;}\">\n\t\t\t\t\t\t<div class=\"elementor-container elementor-column-gap-default\">\n\t\t\t\t\t<div class=\"elementor-column elementor-col-100 elementor-top-column elementor-element elementor-element-ea32125\" data-id=\"ea32125\" data-element_type=\"column\">\n\t\t\t<div class=\"elementor-widget-wrap elementor-element-populated\">\n\t\t\t\t\t\t<div class=\"elementor-element elementor-element-a58c9bf elementor-widget__width-initial elementor-widget elementor-widget-hiroshi_core_section_title\" data-id=\"a58c9bf\" data-element_type=\"widget\" data-widget_type=\"hiroshi_core_section_title.default\">\n\t\t\t\t<div class=\"elementor-widget-container\">\n\t\t\t\t\t<div class=\"qodef-shortcode qodef-m qodef-section-title qodef-alignment--left\">\n\t\t<h1 class=\"qodef-m-title\" style=\"color: #FFFFFF\">\n\t\t\t\t\tARTISTA\t\t\t<\/h1>\n\t<\/div>\n\t\t\t\t<\/div>\n\t\t\t\t<\/div>\n\t\t\t\t<div class=\"elementor-element elementor-element-59d6ce2 elementor-widget elementor-widget-hiroshi_core_button\" data-id=\"59d6ce2\" data-element_type=\"widget\" data-widget_type=\"hiroshi_core_button.default\">\n\t\t\t\t<div class=\"elementor-widget-container\">\n\t\t\t\t\t<a class=\"qodef-shortcode qodef-m qodef-button qodef-layout--filled qodef-html--link\" href=\"https:\/\/oscarazula.art\/index.php\/biografia\/\" target=\"_self\" data-hover-color=\"#FFFFFF\" data-hover-background-color=\"#FFFFFF\" data-hover-border-color=\"#000000\" style=\"color: #010101;background-color: #000000;border-color: #FFFFFF;--qodef-hover-bg-color:#FFFFFF\">\n\t<span class=\"qodef-m-text\">Ver m\u00e1s<\/span>\n<\/a>\n\t\t\t\t<\/div>\n\t\t\t\t<\/div>\n\t\t\t\t\t<\/div>\n\t\t<\/div>\n\t\t\t\t\t<\/div>\n\t\t<\/section>\n\t\t\t\t<section class=\"elementor-section elementor-top-section elementor-element elementor-element-640b4ca elementor-section-full_width elementor-section-height-full elementor-section-items-bottom elementor-section-height-default qodef-elementor-content-no qodef-elementor-column-no\" data-id=\"640b4ca\" data-element_type=\"section\" data-settings=\"{&quot;background_background&quot;:&quot;classic&quot;}\">\n\t\t\t\t\t\t<div class=\"elementor-container elementor-column-gap-default\">\n\t\t\t\t\t<div class=\"elementor-column elementor-col-100 elementor-top-column elementor-element elementor-element-3207108\" data-id=\"3207108\" data-element_type=\"column\">\n\t\t\t<div class=\"elementor-widget-wrap elementor-element-populated\">\n\t\t\t\t\t\t<div class=\"elementor-element elementor-element-bb1addd elementor-widget__width-initial elementor-widget elementor-widget-hiroshi_core_section_title\" data-id=\"bb1addd\" data-element_type=\"widget\" data-widget_type=\"hiroshi_core_section_title.default\">\n\t\t\t\t<div class=\"elementor-widget-container\">\n\t\t\t\t\t<div class=\"qodef-shortcode qodef-m qodef-section-title qodef-alignment--left\">\n\t\t<h2 class=\"qodef-m-title\" style=\"color: #FFFFFF\">\n\t\t\t\t\tPRENSA Y PUBLICACIONES\t\t\t<\/h2>\n\t<\/div>\n\t\t\t\t<\/div>\n\t\t\t\t<\/div>\n\t\t\t\t<div class=\"elementor-element elementor-element-9096da3 elementor-widget elementor-widget-hiroshi_core_button\" data-id=\"9096da3\" data-element_type=\"widget\" data-widget_type=\"hiroshi_core_button.default\">\n\t\t\t\t<div class=\"elementor-widget-container\">\n\t\t\t\t\t<a class=\"qodef-shortcode qodef-m qodef-button qodef-layout--filled qodef-html--link\" href=\"https:\/\/oscarazula.art\/index.php\/prensa-y-publicaciones\/\" target=\"_self\" data-hover-color=\"#FFFFFF\" data-hover-background-color=\"#FFFFFF\" data-hover-border-color=\"#000000\" style=\"color: #010101;background-color: #000000;border-color: #FFFFFF;--qodef-hover-bg-color:#FFFFFF\">\n\t<span class=\"qodef-m-text\">Ver m\u00e1s<\/span>\n<\/a>\n\t\t\t\t<\/div>\n\t\t\t\t<\/div>\n\t\t\t\t\t<\/div>\n\t\t<\/div>\n\t\t\t\t\t<\/div>\n\t\t<\/section>\n\t\t<div class=\"elementor-element elementor-element-6de7fc7 e-flex e-con-boxed e-con e-parent\" data-id=\"6de7fc7\" data-element_type=\"container\">\n\t\t\t\t\t<div class=\"e-con-inner\">\n\t\t\t\t\t<\/div>\n\t\t\t\t<\/div>\n\t\t\t\t<\/div>\n\t\t","protected":false},"excerpt":{"rendered":"<p>OBRAS Ver m\u00e1s ARTISTA Ver m\u00e1s PRENSA Y PUBLICACIONES Ver m\u00e1s<\/p>\n","protected":false},"author":1,"featured_media":9160,"parent":0,"menu_order":0,"comment_status":"closed","ping_status":"closed","template":"page-full-width.php","meta":{"footnotes":""},"class_list":["post-9348","page","type-page","status-publish","has-post-thumbnail","hentry"],"_links":{"self":[{"href":"https:\/\/oscarazula.art\/index.php\/wp-json\/wp\/v2\/pages\/9348","targetHints":{"allow":["GET"]}}],"collection":[{"href":"https:\/\/oscarazula.art\/index.php\/wp-json\/wp\/v2\/pages"}],"about":[{"href":"https:\/\/oscarazula.art\/index.php\/wp-json\/wp\/v2\/types\/page"}],"author":[{"embeddable":true,"href":"https:\/\/oscarazula.art\/index.php\/wp-json\/wp\/v2\/users\/1"}],"replies":[{"embeddable":true,"href":"https:\/\/oscarazula.art\/index.php\/wp-json\/wp\/v2\/comments?post=9348"}],"version-history":[{"count":82,"href":"https:\/\/oscarazula.art\/index.php\/wp-json\/wp\/v2\/pages\/9348\/revisions"}],"predecessor-version":[{"id":10299,"href":"https:\/\/oscarazula.art\/index.php\/wp-json\/wp\/v2\/pages\/9348\/revisions\/10299"}],"wp:featuredmedia":[{"embeddable":true,"href":"https:\/\/oscarazula.art\/index.php\/wp-json\/"}],"wp:attachment":[{"href":"https:\/\/oscarazula.art\/index.php\/wp-json\/wp\/v2\/media?parent=9348"}],"curies":[{"name":"wp","href":"https:\/\/api.w.org\/{rel}","templated":true}]}}