{"id":9439,"date":"2025-10-23T16:16:56","date_gmt":"2025-10-23T21:16:56","guid":{"rendered":"http:\/\/190.146.68.31\/oscar-azula\/?page_id=9439"},"modified":"2026-01-31T07:38:18","modified_gmt":"2026-01-31T12:38:18","slug":"statement","status":"publish","type":"page","link":"https:\/\/oscarazula.art\/index.php\/statement\/","title":{"rendered":"Statement"},"content":{"rendered":"\t\t<div data-elementor-type=\"wp-page\" data-elementor-id=\"9439\" class=\"elementor elementor-9439\">\n\t\t\t\t\t\t<section class=\"elementor-section elementor-top-section elementor-element elementor-element-f177ae1 elementor-section-full_width elementor-section-height-default elementor-section-height-default qodef-elementor-content-no qodef-elementor-column-no\" data-id=\"f177ae1\" data-element_type=\"section\" data-settings=\"{&quot;background_background&quot;:&quot;classic&quot;}\">\n\t\t\t\t\t\t<div class=\"elementor-container elementor-column-gap-default\">\n\t\t\t\t\t<div class=\"elementor-column elementor-col-100 elementor-top-column elementor-element elementor-element-a7d7ee9\" data-id=\"a7d7ee9\" data-element_type=\"column\">\n\t\t\t<div class=\"elementor-widget-wrap elementor-element-populated\">\n\t\t\t\t\t\t<div class=\"elementor-element elementor-element-b227718 elementor-widget elementor-widget-spacer\" data-id=\"b227718\" data-element_type=\"widget\" data-widget_type=\"spacer.default\">\n\t\t\t\t\t\t\t<div class=\"elementor-spacer\">\n\t\t\t<div class=\"elementor-spacer-inner\"><\/div>\n\t\t<\/div>\n\t\t\t\t\t\t<\/div>\n\t\t\t\t\t<\/div>\n\t\t<\/div>\n\t\t\t\t\t<\/div>\n\t\t<\/section>\n\t\t\t\t<section class=\"elementor-section elementor-top-section elementor-element elementor-element-f81e6db elementor-section-full_width elementor-section-height-default elementor-section-height-default qodef-elementor-content-no qodef-elementor-column-no\" data-id=\"f81e6db\" data-element_type=\"section\" data-settings=\"{&quot;background_background&quot;:&quot;classic&quot;}\">\n\t\t\t\t\t\t<div class=\"elementor-container elementor-column-gap-no\">\n\t\t\t\t\t<div class=\"elementor-column elementor-col-50 elementor-top-column elementor-element elementor-element-fdd64de\" data-id=\"fdd64de\" data-element_type=\"column\">\n\t\t\t<div class=\"elementor-widget-wrap elementor-element-populated\">\n\t\t\t\t\t\t<div class=\"elementor-element elementor-element-8c9994a elementor-widget elementor-widget-hiroshi_core_section_title\" data-id=\"8c9994a\" data-element_type=\"widget\" data-widget_type=\"hiroshi_core_section_title.default\">\n\t\t\t\t<div class=\"elementor-widget-container\">\n\t\t\t\t\t<div class=\"qodef-shortcode qodef-m qodef-section-title qodef-alignment--left qodef-title-break--disabled\">\n\t\t<h1 class=\"qodef-m-title\" >\n\t\t\t\t\tSTATEMENT\t\t\t<\/h1>\n\t<\/div>\n\t\t\t\t<\/div>\n\t\t\t\t<\/div>\n\t\t\t\t<div class=\"elementor-element elementor-element-a03a259 elementor-widget elementor-widget-text-editor\" data-id=\"a03a259\" data-element_type=\"widget\" data-widget_type=\"text-editor.default\">\n\t\t\t\t\t\t\t\t\t<p>Soy Oscar Azula, artista visual, mi trabajo no busca representar la naturaleza, busca activar su memoria en el espacio en un ejercicio de presencia y vitalidad.<\/p><p>En un mundo que hoy se siente cada vez m\u00e1s plano, algor\u00edtmico y mediado por pantallas, et\u00e9reo y digital, mi obra surge como un recordatorio de nuestra esencia m\u00e1s profunda, como un desaf\u00edo a ese planteamiento de un hoy implacable, como una insistencia f\u00edsica. Una propuesta que dialoga profundamente con el concepto de\u00a0 naturaleza, entendiendo naturaleza no como un paisaje externo, sino como la autenticidad de la materia, la tensi\u00f3n, el rastro, el pulso de lo que todav\u00eda es real, tangible y humano.<\/p><p>En mi trabajo el carboncillo es uno de los ejes centrales por su materia org\u00e1nica transmutada que se convierte en luz y sombra, para luego enfrentarla a elementos antag\u00f3nicos en concepci\u00f3n, forma, materialidad y color, evidenciando est\u00e9ticas opuestas que simbolizan los complejos di\u00e1logos no verbales, qu\u00e9 como sociedad enfrentamos con nuestra propia naturaleza en esta contemporaneidad.<\/p><p>Para ello recurro en algunos momentos tambi\u00e9n a desencajar los elementos participantes en la obra, en mi b\u00fasqueda de hacer coexistir lo ic\u00f3nico y lo ef\u00edmero, lo presente y lo ausente, lo figurativo y lo abstracto, tal vez buscando afianzar la necesidad de entender y asumir que a pesar de las disparidades, somos parte de un mismo tejido, de una misma naturaleza, de una naturaleza que se resiste a ser simplemente codificada o reducida a un dato.<\/p><p>Llevar mi trabajo al mundo es un viaje constante, una oportunidad de demostrar que la vanguardia latinoamericana sigue teniendo sus ra\u00edces en la tierra y su mirada en el infinito, trayendo la tradici\u00f3n del rigor tecnico, a un di\u00e1logo global sobre lo que significa estar vivos hoy. Porque en \u00faltimas la verdadera presencia es aquella que como el rastro del carb\u00f3n sobre el papel, deja una marca imborrable en quien lo observa, devolvi\u00e9ndole la mirada y confront\u00e1ndolo con nuestra propia escala humana.<\/p>\t\t\t\t\t\t\t\t<\/div>\n\t\t\t\t\t<\/div>\n\t\t<\/div>\n\t\t\t\t<div class=\"elementor-column elementor-col-50 elementor-top-column elementor-element elementor-element-74c15c3\" data-id=\"74c15c3\" data-element_type=\"column\">\n\t\t\t<div class=\"elementor-widget-wrap elementor-element-populated\">\n\t\t\t\t\t\t<div class=\"elementor-element elementor-element-c0aecb9 elementor-widget elementor-widget-spacer\" data-id=\"c0aecb9\" data-element_type=\"widget\" data-widget_type=\"spacer.default\">\n\t\t\t\t\t\t\t<div class=\"elementor-spacer\">\n\t\t\t<div class=\"elementor-spacer-inner\"><\/div>\n\t\t<\/div>\n\t\t\t\t\t\t<\/div>\n\t\t\t\t<div class=\"elementor-element elementor-element-04e4f35 elementor-widget__width-auto elementor-widget elementor-widget-hiroshi_core_single_image\" data-id=\"04e4f35\" data-element_type=\"widget\" data-widget_type=\"hiroshi_core_single_image.default\">\n\t\t\t\t<div class=\"elementor-widget-container\">\n\t\t\t\t\t<div class=\"qodef-shortcode qodef-m qodef-single-image qodef-layout--default\">\n\t\t\t<div class=\"qodef-m-image\">\n\t\t\t\t\t\t<a class=\"qodef-magnific-popup qodef-popup-item\" itemprop=\"image\" href=\"https:\/\/oscarazula.art\/wp-content\/uploads\/2025\/10\/19-Silla-e1765384782671.jpg\" data-type=\"image\" title=\"19 Silla\">\n\t\t\t\t\t\t\t\t\t<img fetchpriority=\"high\" decoding=\"async\" width=\"1210\" height=\"1047\" src=\"https:\/\/oscarazula.art\/wp-content\/uploads\/2025\/10\/19-Silla-e1765384782671.jpg\" class=\"attachment-full size-full\" alt=\"\" srcset=\"https:\/\/oscarazula.art\/wp-content\/uploads\/2025\/10\/19-Silla-e1765384782671.jpg 1210w, https:\/\/oscarazula.art\/wp-content\/uploads\/2025\/10\/19-Silla-e1765384782671-600x519.jpg 600w, https:\/\/oscarazula.art\/wp-content\/uploads\/2025\/10\/19-Silla-e1765384782671-300x260.jpg 300w, https:\/\/oscarazula.art\/wp-content\/uploads\/2025\/10\/19-Silla-e1765384782671-1024x886.jpg 1024w, https:\/\/oscarazula.art\/wp-content\/uploads\/2025\/10\/19-Silla-e1765384782671-768x665.jpg 768w\" sizes=\"(max-width: 1210px) 100vw, 1210px\" \/>\t\t\t\t\t\t\t\t\t<\/a>\n\t\t\t\t\t<\/div>\n\t<\/div>\n\t\t\t\t<\/div>\n\t\t\t\t<\/div>\n\t\t\t\t\t<\/div>\n\t\t<\/div>\n\t\t\t\t\t<\/div>\n\t\t<\/section>\n\t\t\t\t<\/div>\n\t\t","protected":false},"excerpt":{"rendered":"<p>STATEMENT Soy Oscar Azula, artista visual, mi trabajo no busca representar la naturaleza, busca activar su memoria en el espacio en un ejercicio de presencia y vitalidad. En un mundo que hoy se siente cada vez m\u00e1s plano, algor\u00edtmico y mediado por pantallas, et\u00e9reo y digital, mi obra surge como un recordatorio de nuestra esencia [&hellip;]<\/p>\n","protected":false},"author":1,"featured_media":0,"parent":0,"menu_order":0,"comment_status":"closed","ping_status":"closed","template":"page-full-width.php","meta":{"footnotes":""},"class_list":["post-9439","page","type-page","status-publish","hentry"],"_links":{"self":[{"href":"https:\/\/oscarazula.art\/index.php\/wp-json\/wp\/v2\/pages\/9439","targetHints":{"allow":["GET"]}}],"collection":[{"href":"https:\/\/oscarazula.art\/index.php\/wp-json\/wp\/v2\/pages"}],"about":[{"href":"https:\/\/oscarazula.art\/index.php\/wp-json\/wp\/v2\/types\/page"}],"author":[{"embeddable":true,"href":"https:\/\/oscarazula.art\/index.php\/wp-json\/wp\/v2\/users\/1"}],"replies":[{"embeddable":true,"href":"https:\/\/oscarazula.art\/index.php\/wp-json\/wp\/v2\/comments?post=9439"}],"version-history":[{"count":94,"href":"https:\/\/oscarazula.art\/index.php\/wp-json\/wp\/v2\/pages\/9439\/revisions"}],"predecessor-version":[{"id":10302,"href":"https:\/\/oscarazula.art\/index.php\/wp-json\/wp\/v2\/pages\/9439\/revisions\/10302"}],"wp:attachment":[{"href":"https:\/\/oscarazula.art\/index.php\/wp-json\/wp\/v2\/media?parent=9439"}],"curies":[{"name":"wp","href":"https:\/\/api.w.org\/{rel}","templated":true}]}}