{"id":9462,"date":"2025-10-24T11:37:22","date_gmt":"2025-10-24T16:37:22","guid":{"rendered":"http:\/\/190.146.68.31\/oscar-azula\/?page_id=9462"},"modified":"2025-10-24T15:40:47","modified_gmt":"2025-10-24T20:40:47","slug":"biografia","status":"publish","type":"page","link":"https:\/\/oscarazula.art\/index.php\/biografia\/","title":{"rendered":"Biograf\u00eda"},"content":{"rendered":"\t\t<div data-elementor-type=\"wp-page\" data-elementor-id=\"9462\" class=\"elementor elementor-9462\">\n\t\t\t\t\t\t<section class=\"elementor-section elementor-top-section elementor-element elementor-element-e5ee8d4 elementor-section-full_width elementor-reverse-mobile elementor-section-height-default elementor-section-height-default qodef-elementor-content-no qodef-elementor-column-no\" data-id=\"e5ee8d4\" data-element_type=\"section\">\n\t\t\t\t\t\t<div class=\"elementor-container elementor-column-gap-default\">\n\t\t\t\t\t<div class=\"elementor-column elementor-col-50 elementor-top-column elementor-element elementor-element-a3b9081\" data-id=\"a3b9081\" data-element_type=\"column\">\n\t\t\t<div class=\"elementor-widget-wrap elementor-element-populated\">\n\t\t\t\t\t\t<div class=\"elementor-element elementor-element-64d4ce6 elementor-widget elementor-widget-hiroshi_core_single_image\" data-id=\"64d4ce6\" data-element_type=\"widget\" data-widget_type=\"hiroshi_core_single_image.default\">\n\t\t\t\t<div class=\"elementor-widget-container\">\n\t\t\t\t\t<div class=\"qodef-shortcode qodef-m qodef-single-image qodef-layout--default\">\n\t\t\t<div class=\"qodef-m-image\">\n\t\t\t\t\t\t\t\t<img fetchpriority=\"high\" decoding=\"async\" width=\"1041\" height=\"1200\" src=\"https:\/\/oscarazula.art\/wp-content\/uploads\/2025\/10\/bio-1.jpg\" class=\"attachment-full size-full\" alt=\"\" srcset=\"https:\/\/oscarazula.art\/wp-content\/uploads\/2025\/10\/bio-1.jpg 1041w, https:\/\/oscarazula.art\/wp-content\/uploads\/2025\/10\/bio-1-600x692.jpg 600w, https:\/\/oscarazula.art\/wp-content\/uploads\/2025\/10\/bio-1-260x300.jpg 260w, https:\/\/oscarazula.art\/wp-content\/uploads\/2025\/10\/bio-1-888x1024.jpg 888w, https:\/\/oscarazula.art\/wp-content\/uploads\/2025\/10\/bio-1-768x885.jpg 768w\" sizes=\"(max-width: 1041px) 100vw, 1041px\" \/>\t\t\t\t\t\t\t<\/div>\n\t<\/div>\n\t\t\t\t<\/div>\n\t\t\t\t<\/div>\n\t\t\t\t\t<\/div>\n\t\t<\/div>\n\t\t\t\t<div class=\"elementor-column elementor-col-50 elementor-top-column elementor-element elementor-element-fa70e4f\" data-id=\"fa70e4f\" data-element_type=\"column\">\n\t\t\t<div class=\"elementor-widget-wrap elementor-element-populated\">\n\t\t\t\t\t\t<div class=\"elementor-element elementor-element-9f16d80 elementor-widget elementor-widget-hiroshi_core_section_title\" data-id=\"9f16d80\" data-element_type=\"widget\" data-widget_type=\"hiroshi_core_section_title.default\">\n\t\t\t\t<div class=\"elementor-widget-container\">\n\t\t\t\t\t<div class=\"qodef-shortcode qodef-m qodef-section-title qodef-alignment--left qodef-title-break--disabled\">\n\t\t<h1 class=\"qodef-m-title\" >\n\t\t\t\t\t BIOGRAF\u00cdA\t\t\t<\/h1>\n\t<\/div>\n\t\t\t\t<\/div>\n\t\t\t\t<\/div>\n\t\t\t\t<div class=\"elementor-element elementor-element-ce31aae elementor-widget elementor-widget-text-editor\" data-id=\"ce31aae\" data-element_type=\"widget\" data-widget_type=\"text-editor.default\">\n\t\t\t\t\t\t\t\t\t<h4>Oscar Azula (Ibague\u0301, 1963). Vive y trabaja en Bogota\u0301.<\/h4>\t\t\t\t\t\t\t\t<\/div>\n\t\t\t\t<div class=\"elementor-element elementor-element-925152f elementor-widget elementor-widget-text-editor\" data-id=\"925152f\" data-element_type=\"widget\" data-widget_type=\"text-editor.default\">\n\t\t\t\t\t\t\t\t\t<p>Azula estudi\u00f3 Artes Pl\u00e1sticas en La Universidad Nacional de Colombia (1980-1983) y en la Escuela Nacional de Pintura, Escultura y Grabado La Esmeralda en M\u00e9xico D.F., donde residi\u00f3 hasta el a\u00f1o 1989. Este pa\u00eds le abri\u00f3 un nuevo mundo a una creatividad expandida que le permiti\u00f3 trabajar como ilustrador, adem\u00e1s de despertar su inter\u00e9s en el cine, la fotograf\u00eda y el teatro.\u00a0 Antes de iniciar la d\u00e9cada de sus treinta a\u00f1os, Azula ya combinaba su visi\u00f3n art\u00edstica con trabajos relacionados a la Direcci\u00f3n Audiovisual, oficio que ha desempe\u00f1ado hasta la actualidad y en el cual se ha destacado por imprimir un alto sentido est\u00e9tico y una narrativa po\u00e9tica.<\/p><p>Siempre , ha sido una constante en su vida deambular entre los mundos creativos, comprender la claridad y el lenguaje propio de cada uno de ellos, incluso la composici\u00f3n espacial en su obra se permea por otras disciplinas como la matem\u00e1tica y la f\u00edsica, al ser estudios que acompa\u00f1aron en paralelo la pr\u00e1ctica art\u00edstica durante su juventud.<\/p><p>En esta motivaci\u00f3n de comprender la interdisciplinariedad de la expresi\u00f3n art\u00edstica, Azula ha establecido di\u00e1logos est\u00e9ticos profundos con una mirada pl\u00e1stica tanto para la m\u00fasica como para la literatura latinoamericana.<\/p><p>As\u00ed ha dirigido videos para Carlos Vives, Alex Pirex, Carolina Sabino, La 45, Darktards entre otros, y ha sido ilustrador y fot\u00f3grafo para libros como El Cachalandr\u00e1n Amarillo y Mi alma se la dej\u00f3 al diablo de Germ\u00e1n Castro Caicedo, Aquellos rojos a\u00f1os de Eduardo Camacho y m\u00e1s recientemente en el libro de poes\u00eda Perdimos el cielo, de su hermano Walter Azula, de quien ha recibido una gran influencia en su inspiraci\u00f3n creativa incorporando en su obra emocionalidades propias de sus historias compartidas.<\/p><p>Desde una visi\u00f3n del mundo de la pl\u00e1stica, Azula ha generando un di\u00e1logo con temas como la memoria y la condici\u00f3n humana lo cual ha llevado a destacarse por transmitir mensajes contundentes en sus realizaciones audiovisuales, por lo cual ha sido galardonado con reconocimientos en ambos campos. Se destacan la nominaci\u00f3n al mejor director de video musical en los Grammy Latino (2002) y en en los Premios Lo Nuestro de Univisi\u00f3n (2000, 2001, 2003), as\u00ed como tambi\u00e9n en su \u00e9poca de estudiante en artes, la menci\u00f3n de honor en el \u201cSal\u00f3n Francisco A. Cano\u201d de la Universidad Nacional (1982-1983).<\/p><p>Azula dibuja elementos de la figura humana y de paisajes enmarcados en un entorno que aunque en ocasiones fragmentado, generan una gran carga po\u00e9tica proponiendo un imaginario a ser completado por el espectador. Ha sido invitado a participar en eventos de ciudad como la Noche en Blanco en Bogot\u00e1 (2013, 2015) y la prestigiosa trienal de arte latinoamericano de en Nueva York (2022).\u00a0<\/p>\t\t\t\t\t\t\t\t<\/div>\n\t\t\t\t\t<\/div>\n\t\t<\/div>\n\t\t\t\t\t<\/div>\n\t\t<\/section>\n\t\t\t\t<\/div>\n\t\t","protected":false},"excerpt":{"rendered":"<p>BIOGRAF\u00cdA Oscar Azula (Ibague\u0301, 1963). Vive y trabaja en Bogota\u0301. Azula estudi\u00f3 Artes Pl\u00e1sticas en La Universidad Nacional de Colombia (1980-1983) y en la Escuela Nacional de Pintura, Escultura y Grabado La Esmeralda en M\u00e9xico D.F., donde residi\u00f3 hasta el a\u00f1o 1989. Este pa\u00eds le abri\u00f3 un nuevo mundo a una creatividad expandida que le [&hellip;]<\/p>\n","protected":false},"author":1,"featured_media":0,"parent":0,"menu_order":0,"comment_status":"closed","ping_status":"closed","template":"page-full-width.php","meta":{"footnotes":""},"class_list":["post-9462","page","type-page","status-publish","hentry"],"_links":{"self":[{"href":"https:\/\/oscarazula.art\/index.php\/wp-json\/wp\/v2\/pages\/9462","targetHints":{"allow":["GET"]}}],"collection":[{"href":"https:\/\/oscarazula.art\/index.php\/wp-json\/wp\/v2\/pages"}],"about":[{"href":"https:\/\/oscarazula.art\/index.php\/wp-json\/wp\/v2\/types\/page"}],"author":[{"embeddable":true,"href":"https:\/\/oscarazula.art\/index.php\/wp-json\/wp\/v2\/users\/1"}],"replies":[{"embeddable":true,"href":"https:\/\/oscarazula.art\/index.php\/wp-json\/wp\/v2\/comments?post=9462"}],"version-history":[{"count":23,"href":"https:\/\/oscarazula.art\/index.php\/wp-json\/wp\/v2\/pages\/9462\/revisions"}],"predecessor-version":[{"id":9645,"href":"https:\/\/oscarazula.art\/index.php\/wp-json\/wp\/v2\/pages\/9462\/revisions\/9645"}],"wp:attachment":[{"href":"https:\/\/oscarazula.art\/index.php\/wp-json\/wp\/v2\/media?parent=9462"}],"curies":[{"name":"wp","href":"https:\/\/api.w.org\/{rel}","templated":true}]}}