{"id":9471,"date":"2025-10-24T11:44:01","date_gmt":"2025-10-24T16:44:01","guid":{"rendered":"http:\/\/190.146.68.31\/oscar-azula\/?page_id=9471"},"modified":"2026-01-28T06:53:21","modified_gmt":"2026-01-28T11:53:21","slug":"exposiciones","status":"publish","type":"page","link":"https:\/\/oscarazula.art\/index.php\/exposiciones\/","title":{"rendered":"Exposiciones"},"content":{"rendered":"\t\t<div data-elementor-type=\"wp-page\" data-elementor-id=\"9471\" class=\"elementor elementor-9471\">\n\t\t\t\t\t\t<section class=\"elementor-section elementor-top-section elementor-element elementor-element-e5ee8d4 elementor-section-full_width elementor-reverse-mobile elementor-section-height-default elementor-section-height-default qodef-elementor-content-no qodef-elementor-column-no\" data-id=\"e5ee8d4\" data-element_type=\"section\">\n\t\t\t\t\t\t<div class=\"elementor-container elementor-column-gap-no\">\n\t\t\t\t\t<div class=\"elementor-column elementor-col-50 elementor-top-column elementor-element elementor-element-fa70e4f\" data-id=\"fa70e4f\" data-element_type=\"column\">\n\t\t\t<div class=\"elementor-widget-wrap elementor-element-populated\">\n\t\t\t\t\t\t<div class=\"elementor-element elementor-element-9f16d80 elementor-widget elementor-widget-hiroshi_core_section_title\" data-id=\"9f16d80\" data-element_type=\"widget\" data-widget_type=\"hiroshi_core_section_title.default\">\n\t\t\t\t<div class=\"elementor-widget-container\">\n\t\t\t\t\t<div class=\"qodef-shortcode qodef-m qodef-section-title qodef-alignment--left qodef-title-break--disabled\">\n\t\t<h1 class=\"qodef-m-title\" >\n\t\t\t\t\tExposiciones\t\t\t<\/h1>\n\t<\/div>\n\t\t\t\t<\/div>\n\t\t\t\t<\/div>\n\t\t\t\t<div class=\"elementor-element elementor-element-ce31aae elementor-widget elementor-widget-text-editor\" data-id=\"ce31aae\" data-element_type=\"widget\" data-widget_type=\"text-editor.default\">\n\t\t\t\t\t\t\t\t\t<h4><strong>Exposiciones Individuales<\/strong><\/h4>\t\t\t\t\t\t\t\t<\/div>\n\t\t\t\t<div class=\"elementor-element elementor-element-925152f elementor-widget__width-initial elementor-widget elementor-widget-text-editor\" data-id=\"925152f\" data-element_type=\"widget\" data-widget_type=\"text-editor.default\">\n\t\t\t\t\t\t\t\t\t<p><strong>2025 <\/strong>Tercera Bienal de Artistas Energentes, MOMBO ART GALLERY, Espa\u00f1a<\/p><p><strong>2025\u00a0\u00a0<\/strong> \u201cM\u00e1s all\u00e1 de la soledad\u201d. Espacio expositivo en Gastro Wine. curadora Mar\u00eda del Pilar Rodr\u00edguez, Bogot\u00e1, Colombia<\/p><p><strong>2024\u00a0<\/strong> \u201cM\u00e1s all\u00e1 de la soledad\u201d. Museo Hist\u00f3rico de Cartagena de Indias, Colombia<\/p><p><strong>1991\u00a0<\/strong> Casa Galer\u00eda Negret, Bogot\u00e1, Colombia<\/p><p><strong>1990\u00a0<\/strong> Galer\u00eda de Arte IBER, Bogot\u00e1, Colombia<\/p><p><strong>1990\u00a0<\/strong> Club de Ejecutivos. Ibagu\u00e9, Colombia<\/p>\t\t\t\t\t\t\t\t<\/div>\n\t\t\t\t<div class=\"elementor-element elementor-element-3f5e9fd elementor-widget elementor-widget-text-editor\" data-id=\"3f5e9fd\" data-element_type=\"widget\" data-widget_type=\"text-editor.default\">\n\t\t\t\t\t\t\t\t\t<h4><strong>Exposiciones Colectivas<\/strong><\/h4>\t\t\t\t\t\t\t\t<\/div>\n\t\t\t\t<div class=\"elementor-element elementor-element-07b8400 elementor-widget elementor-widget-text-editor\" data-id=\"07b8400\" data-element_type=\"widget\" data-widget_type=\"text-editor.default\">\n\t\t\t\t\t\t\t\t\t<p><strong>2026 <\/strong>Sal\u00f3n Nacional de Dibujo Academia de Artes Guerrero, Galer\u00eda Adri\u00e1n Ib\u00e1\u00f1ez. Bogot\u00e1, Colombia<\/p><p><strong>2025 <\/strong>Tercera Bienal Internacional Colectiva, MOMBO ART GALLERY, Espa\u00f1a<\/p><p><strong>2024<\/strong> Bienal Internacional de Arte, Armenia, Colombia <br \/><strong>2023<\/strong> Feria Art On Paper de NY, ArteLatAm. New York, U.S.A.<br \/><strong>2022<\/strong> \u201cAbya Yala: Structural Origins\u201d. Trienal de Arte Latinoamericano de NY coproducida por Pace University, Longwood Art Gallery, New York, U.S.A.<br \/><strong>2015<\/strong> Instalaciones Urbanas de Arte Contempor\u00e1neo para la Noche en Blanco, Bogot\u00e1, Colombia<br \/><strong>2013<\/strong> Instalaciones Urbanas de Arte Contempor\u00e1neo para la Noche en Blanco, Bogot\u00e1, Colombia<br \/><strong>1989<\/strong> Sal\u00f3n de Maestros, Ibagu\u00e9, Colombia<br \/><strong>1987<\/strong> Galer\u00eda Casa Domecq, M\u00e9xico<br \/><strong>1985<\/strong> Galer\u00eda Misrachi, M\u00e9xico DF<br \/><strong>1985<\/strong> Foro de Arte Contempor\u00e1neo, M\u00e9xico<br \/><strong>1985 y 1988<\/strong> Galer\u00eda La Esmeralda, M\u00e9xico<br \/><strong>1982 y 1983<\/strong> Museo de Arte Uiversidad Nacional de Colombia, Bogot\u00e1, Menci\u00f3n honor\u00edfica<br \/><strong>1983<\/strong> Biblioteca Soledad Rengifo, Ibagu\u00e9, Colombia<\/p>\t\t\t\t\t\t\t\t<\/div>\n\t\t\t\t\t<\/div>\n\t\t<\/div>\n\t\t\t\t<div class=\"elementor-column elementor-col-50 elementor-top-column elementor-element elementor-element-a3b9081\" data-id=\"a3b9081\" data-element_type=\"column\">\n\t\t\t<div class=\"elementor-widget-wrap elementor-element-populated\">\n\t\t\t\t\t\t<div class=\"elementor-element elementor-element-64d4ce6 elementor-widget elementor-widget-hiroshi_core_single_image\" data-id=\"64d4ce6\" data-element_type=\"widget\" data-widget_type=\"hiroshi_core_single_image.default\">\n\t\t\t\t<div class=\"elementor-widget-container\">\n\t\t\t\t\t<div class=\"qodef-shortcode qodef-m qodef-single-image qodef-layout--default\">\n\t\t\t<div class=\"qodef-m-image\">\n\t\t\t\t\t\t\t\t<img fetchpriority=\"high\" decoding=\"async\" width=\"2560\" height=\"1383\" src=\"https:\/\/oscarazula.art\/wp-content\/uploads\/2025\/12\/exporetocadapisobrillo-BN-scaled.jpg\" class=\"attachment-full size-full\" alt=\"\" srcset=\"https:\/\/oscarazula.art\/wp-content\/uploads\/2025\/12\/exporetocadapisobrillo-BN-scaled.jpg 2560w, https:\/\/oscarazula.art\/wp-content\/uploads\/2025\/12\/exporetocadapisobrillo-BN-300x162.jpg 300w, https:\/\/oscarazula.art\/wp-content\/uploads\/2025\/12\/exporetocadapisobrillo-BN-1024x553.jpg 1024w, https:\/\/oscarazula.art\/wp-content\/uploads\/2025\/12\/exporetocadapisobrillo-BN-768x415.jpg 768w, https:\/\/oscarazula.art\/wp-content\/uploads\/2025\/12\/exporetocadapisobrillo-BN-1536x830.jpg 1536w, https:\/\/oscarazula.art\/wp-content\/uploads\/2025\/12\/exporetocadapisobrillo-BN-2048x1107.jpg 2048w, https:\/\/oscarazula.art\/wp-content\/uploads\/2025\/12\/exporetocadapisobrillo-BN-600x324.jpg 600w\" sizes=\"(max-width: 2560px) 100vw, 2560px\" \/>\t\t\t\t\t\t\t<\/div>\n\t<\/div>\n\t\t\t\t<\/div>\n\t\t\t\t<\/div>\n\t\t\t\t\t<\/div>\n\t\t<\/div>\n\t\t\t\t\t<\/div>\n\t\t<\/section>\n\t\t\t\t<\/div>\n\t\t","protected":false},"excerpt":{"rendered":"<p>Exposiciones Exposiciones Individuales 2025 Tercera Bienal de Artistas Energentes, MOMBO ART GALLERY, Espa\u00f1a 2025\u00a0\u00a0 \u201cM\u00e1s all\u00e1 de la soledad\u201d. Espacio expositivo en Gastro Wine. curadora Mar\u00eda del Pilar Rodr\u00edguez, Bogot\u00e1, Colombia 2024\u00a0 \u201cM\u00e1s all\u00e1 de la soledad\u201d. Museo Hist\u00f3rico de Cartagena de Indias, Colombia 1991\u00a0 Casa Galer\u00eda Negret, Bogot\u00e1, Colombia 1990\u00a0 Galer\u00eda de Arte IBER, [&hellip;]<\/p>\n","protected":false},"author":1,"featured_media":0,"parent":0,"menu_order":0,"comment_status":"closed","ping_status":"closed","template":"page-full-width.php","meta":{"footnotes":""},"class_list":["post-9471","page","type-page","status-publish","hentry"],"_links":{"self":[{"href":"https:\/\/oscarazula.art\/index.php\/wp-json\/wp\/v2\/pages\/9471","targetHints":{"allow":["GET"]}}],"collection":[{"href":"https:\/\/oscarazula.art\/index.php\/wp-json\/wp\/v2\/pages"}],"about":[{"href":"https:\/\/oscarazula.art\/index.php\/wp-json\/wp\/v2\/types\/page"}],"author":[{"embeddable":true,"href":"https:\/\/oscarazula.art\/index.php\/wp-json\/wp\/v2\/users\/1"}],"replies":[{"embeddable":true,"href":"https:\/\/oscarazula.art\/index.php\/wp-json\/wp\/v2\/comments?post=9471"}],"version-history":[{"count":26,"href":"https:\/\/oscarazula.art\/index.php\/wp-json\/wp\/v2\/pages\/9471\/revisions"}],"predecessor-version":[{"id":10283,"href":"https:\/\/oscarazula.art\/index.php\/wp-json\/wp\/v2\/pages\/9471\/revisions\/10283"}],"wp:attachment":[{"href":"https:\/\/oscarazula.art\/index.php\/wp-json\/wp\/v2\/media?parent=9471"}],"curies":[{"name":"wp","href":"https:\/\/api.w.org\/{rel}","templated":true}]}}