{"id":9594,"date":"2025-10-24T15:17:02","date_gmt":"2025-10-24T20:17:02","guid":{"rendered":"http:\/\/190.146.68.31\/oscar-azula\/?page_id=9594"},"modified":"2025-12-12T13:09:50","modified_gmt":"2025-12-12T18:09:50","slug":"intervencion-bidimensional-y-tridimensional","status":"publish","type":"page","link":"https:\/\/oscarazula.art\/index.php\/intervencion-bidimensional-y-tridimensional\/","title":{"rendered":"Intervenci\u00f3n bidimensional y tridimensional"},"content":{"rendered":"\t\t<div data-elementor-type=\"wp-page\" data-elementor-id=\"9594\" class=\"elementor elementor-9594\">\n\t\t\t\t\t\t<section data-dynamic-background-color=\"#FFFFFF\" class=\"elementor-section elementor-top-section elementor-element elementor-element-f177ae1 elementor-section-full_width elementor-section-height-default elementor-section-height-default qodef-elementor-content-no qodef-elementor-column-no\" data-id=\"f177ae1\" data-element_type=\"section\" data-settings=\"{&quot;background_background&quot;:&quot;classic&quot;}\">\n\t\t\t\t\t\t<div class=\"elementor-container elementor-column-gap-default\">\n\t\t\t\t\t<div class=\"elementor-column elementor-col-100 elementor-top-column elementor-element elementor-element-a7d7ee9\" data-id=\"a7d7ee9\" data-element_type=\"column\">\n\t\t\t<div class=\"elementor-widget-wrap elementor-element-populated\">\n\t\t\t\t\t\t<div class=\"elementor-element elementor-element-b227718 elementor-widget elementor-widget-spacer\" data-id=\"b227718\" data-element_type=\"widget\" data-widget_type=\"spacer.default\">\n\t\t\t\t\t\t\t<div class=\"elementor-spacer\">\n\t\t\t<div class=\"elementor-spacer-inner\"><\/div>\n\t\t<\/div>\n\t\t\t\t\t\t<\/div>\n\t\t\t\t\t<\/div>\n\t\t<\/div>\n\t\t\t\t\t<\/div>\n\t\t<\/section>\n\t\t\t\t<section data-dynamic-background-color=\"#FFFFFF\" class=\"elementor-section elementor-top-section elementor-element elementor-element-f81e6db elementor-section-full_width elementor-section-height-default elementor-section-height-default qodef-elementor-content-no qodef-elementor-column-no\" data-id=\"f81e6db\" data-element_type=\"section\" data-settings=\"{&quot;background_background&quot;:&quot;classic&quot;}\">\n\t\t\t\t\t\t<div class=\"elementor-container elementor-column-gap-default\">\n\t\t\t\t\t<div class=\"elementor-column elementor-col-50 elementor-top-column elementor-element elementor-element-74c15c3\" data-id=\"74c15c3\" data-element_type=\"column\">\n\t\t\t<div class=\"elementor-widget-wrap elementor-element-populated\">\n\t\t\t\t\t\t<div class=\"elementor-element elementor-element-04e4f35 elementor-widget__width-auto elementor-widget elementor-widget-hiroshi_core_single_image\" data-id=\"04e4f35\" data-element_type=\"widget\" data-widget_type=\"hiroshi_core_single_image.default\">\n\t\t\t\t<div class=\"elementor-widget-container\">\n\t\t\t\t\t<div class=\"qodef-shortcode qodef-m qodef-single-image qodef-layout--default\">\n\t\t\t<div class=\"qodef-m-image\">\n\t\t\t\t\t\t<a class=\"qodef-magnific-popup qodef-popup-item\" itemprop=\"image\" href=\"https:\/\/oscarazula.art\/wp-content\/uploads\/2025\/10\/23-Mano.jpg\" data-type=\"image\" title=\"Mobile\">\n\t\t\t\t\t\t\t\t\t<img fetchpriority=\"high\" decoding=\"async\" width=\"2009\" height=\"2067\" src=\"https:\/\/oscarazula.art\/wp-content\/uploads\/2025\/10\/23-Mano.jpg\" class=\"attachment-full size-full\" alt=\"\" srcset=\"https:\/\/oscarazula.art\/wp-content\/uploads\/2025\/10\/23-Mano.jpg 2009w, https:\/\/oscarazula.art\/wp-content\/uploads\/2025\/10\/23-Mano-600x617.jpg 600w, https:\/\/oscarazula.art\/wp-content\/uploads\/2025\/10\/23-Mano-292x300.jpg 292w, https:\/\/oscarazula.art\/wp-content\/uploads\/2025\/10\/23-Mano-995x1024.jpg 995w, https:\/\/oscarazula.art\/wp-content\/uploads\/2025\/10\/23-Mano-768x790.jpg 768w, https:\/\/oscarazula.art\/wp-content\/uploads\/2025\/10\/23-Mano-1493x1536.jpg 1493w, https:\/\/oscarazula.art\/wp-content\/uploads\/2025\/10\/23-Mano-1991x2048.jpg 1991w\" sizes=\"(max-width: 2009px) 100vw, 2009px\" \/>\t\t\t\t\t\t\t\t\t<\/a>\n\t\t\t\t\t<\/div>\n\t<\/div>\n\t\t\t\t<\/div>\n\t\t\t\t<\/div>\n\t\t\t\t\t<\/div>\n\t\t<\/div>\n\t\t\t\t<div class=\"elementor-column elementor-col-50 elementor-top-column elementor-element elementor-element-fdd64de\" data-id=\"fdd64de\" data-element_type=\"column\">\n\t\t\t<div class=\"elementor-widget-wrap elementor-element-populated\">\n\t\t\t\t\t\t<div class=\"elementor-element elementor-element-082f97a elementor-widget elementor-widget-text-editor\" data-id=\"082f97a\" data-element_type=\"widget\" data-widget_type=\"text-editor.default\">\n\t\t\t\t\t\t\t\t\t<h4><strong>Mano<\/strong><\/h4>\t\t\t\t\t\t\t\t<\/div>\n\t\t\t\t<div class=\"elementor-element elementor-element-a03a259 elementor-widget elementor-widget-text-editor\" data-id=\"a03a259\" data-element_type=\"widget\" data-widget_type=\"text-editor.default\">\n\t\t\t\t\t\t\t\t\t<p><strong>T\u00e9cnica:<\/strong> Carboncillo sobre papel, acetato sobre vidrio<br \/><strong>Medidas:<\/strong> 90 x 90 cm.<br \/><strong>A\u00f1o:<\/strong> 2020<\/p>\t\t\t\t\t\t\t\t<\/div>\n\t\t\t\t\t<\/div>\n\t\t<\/div>\n\t\t\t\t\t<\/div>\n\t\t<\/section>\n\t\t\t\t<section data-dynamic-background-color=\"#FFFFFF\" class=\"elementor-section elementor-top-section elementor-element elementor-element-efcb176 elementor-section-full_width elementor-section-height-default elementor-section-height-default qodef-elementor-content-no qodef-elementor-column-no\" data-id=\"efcb176\" data-element_type=\"section\" data-settings=\"{&quot;background_background&quot;:&quot;classic&quot;}\">\n\t\t\t\t\t\t<div class=\"elementor-container elementor-column-gap-default\">\n\t\t\t\t\t<div class=\"elementor-column elementor-col-50 elementor-top-column elementor-element elementor-element-3a429a9\" data-id=\"3a429a9\" data-element_type=\"column\">\n\t\t\t<div class=\"elementor-widget-wrap elementor-element-populated\">\n\t\t\t\t\t\t<div class=\"elementor-element elementor-element-46e3cb2 elementor-widget__width-auto elementor-widget elementor-widget-hiroshi_core_single_image\" data-id=\"46e3cb2\" data-element_type=\"widget\" data-widget_type=\"hiroshi_core_single_image.default\">\n\t\t\t\t<div class=\"elementor-widget-container\">\n\t\t\t\t\t<div class=\"qodef-shortcode qodef-m qodef-single-image qodef-layout--default\">\n\t\t\t<div class=\"qodef-m-image\">\n\t\t\t\t\t\t<a class=\"qodef-magnific-popup qodef-popup-item\" itemprop=\"image\" href=\"https:\/\/oscarazula.art\/wp-content\/uploads\/2025\/10\/24-Pie.jpg\" data-type=\"image\" title=\"Mobile\">\n\t\t\t\t\t\t\t\t\t<img decoding=\"async\" width=\"2067\" height=\"2007\" src=\"https:\/\/oscarazula.art\/wp-content\/uploads\/2025\/10\/24-Pie.jpg\" class=\"attachment-full size-full\" alt=\"\" srcset=\"https:\/\/oscarazula.art\/wp-content\/uploads\/2025\/10\/24-Pie.jpg 2067w, https:\/\/oscarazula.art\/wp-content\/uploads\/2025\/10\/24-Pie-600x583.jpg 600w, https:\/\/oscarazula.art\/wp-content\/uploads\/2025\/10\/24-Pie-300x291.jpg 300w, https:\/\/oscarazula.art\/wp-content\/uploads\/2025\/10\/24-Pie-1024x994.jpg 1024w, https:\/\/oscarazula.art\/wp-content\/uploads\/2025\/10\/24-Pie-768x746.jpg 768w, https:\/\/oscarazula.art\/wp-content\/uploads\/2025\/10\/24-Pie-1536x1491.jpg 1536w, https:\/\/oscarazula.art\/wp-content\/uploads\/2025\/10\/24-Pie-2048x1989.jpg 2048w\" sizes=\"(max-width: 2067px) 100vw, 2067px\" \/>\t\t\t\t\t\t\t\t\t<\/a>\n\t\t\t\t\t<\/div>\n\t<\/div>\n\t\t\t\t<\/div>\n\t\t\t\t<\/div>\n\t\t\t\t\t<\/div>\n\t\t<\/div>\n\t\t\t\t<div class=\"elementor-column elementor-col-50 elementor-top-column elementor-element elementor-element-2fa19ea\" data-id=\"2fa19ea\" data-element_type=\"column\">\n\t\t\t<div class=\"elementor-widget-wrap elementor-element-populated\">\n\t\t\t\t\t\t<div class=\"elementor-element elementor-element-f107c53 elementor-widget elementor-widget-text-editor\" data-id=\"f107c53\" data-element_type=\"widget\" data-widget_type=\"text-editor.default\">\n\t\t\t\t\t\t\t\t\t<h4><strong>Pie<\/strong><\/h4>\t\t\t\t\t\t\t\t<\/div>\n\t\t\t\t<div class=\"elementor-element elementor-element-6ac0276 elementor-widget elementor-widget-text-editor\" data-id=\"6ac0276\" data-element_type=\"widget\" data-widget_type=\"text-editor.default\">\n\t\t\t\t\t\t\t\t\t<p><strong>T\u00e9cnica:<\/strong> Carboncillo sobre papel, acetato y esmalte sobre vidrio<br \/><strong>Medidas:<\/strong> 90 x 90 cm.<br \/><strong>A\u00f1o:<\/strong> 2020<\/p>\t\t\t\t\t\t\t\t<\/div>\n\t\t\t\t\t<\/div>\n\t\t<\/div>\n\t\t\t\t\t<\/div>\n\t\t<\/section>\n\t\t\t\t<section data-dynamic-background-color=\"#FFFFFF\" class=\"elementor-section elementor-top-section elementor-element elementor-element-36c9f6d elementor-section-full_width elementor-section-height-default elementor-section-height-default qodef-elementor-content-no qodef-elementor-column-no\" data-id=\"36c9f6d\" data-element_type=\"section\" data-settings=\"{&quot;background_background&quot;:&quot;classic&quot;}\">\n\t\t\t\t\t\t<div class=\"elementor-container elementor-column-gap-default\">\n\t\t\t\t\t<div class=\"elementor-column elementor-col-100 elementor-top-column elementor-element elementor-element-603f773\" data-id=\"603f773\" data-element_type=\"column\">\n\t\t\t<div class=\"elementor-widget-wrap elementor-element-populated\">\n\t\t\t\t\t\t<div class=\"elementor-element elementor-element-b5e50e9 elementor-widget__width-auto elementor-widget elementor-widget-hiroshi_core_single_image\" data-id=\"b5e50e9\" data-element_type=\"widget\" data-widget_type=\"hiroshi_core_single_image.default\">\n\t\t\t\t<div class=\"elementor-widget-container\">\n\t\t\t\t\t<div class=\"qodef-shortcode qodef-m qodef-single-image qodef-layout--default\">\n\t\t\t<div class=\"qodef-m-image\">\n\t\t\t\t\t\t<a class=\"qodef-magnific-popup qodef-popup-item\" itemprop=\"image\" href=\"https:\/\/oscarazula.art\/wp-content\/uploads\/2025\/10\/25-Paisaje-Figura.jpg\" data-type=\"image\" title=\"25 Paisaje &#038; Figura\">\n\t\t\t\t\t\t\t\t\t<img decoding=\"async\" width=\"1949\" height=\"996\" src=\"https:\/\/oscarazula.art\/wp-content\/uploads\/2025\/10\/25-Paisaje-Figura.jpg\" class=\"attachment-full size-full\" alt=\"\" srcset=\"https:\/\/oscarazula.art\/wp-content\/uploads\/2025\/10\/25-Paisaje-Figura.jpg 1949w, https:\/\/oscarazula.art\/wp-content\/uploads\/2025\/10\/25-Paisaje-Figura-600x307.jpg 600w, https:\/\/oscarazula.art\/wp-content\/uploads\/2025\/10\/25-Paisaje-Figura-300x153.jpg 300w, https:\/\/oscarazula.art\/wp-content\/uploads\/2025\/10\/25-Paisaje-Figura-1024x523.jpg 1024w, https:\/\/oscarazula.art\/wp-content\/uploads\/2025\/10\/25-Paisaje-Figura-768x392.jpg 768w, https:\/\/oscarazula.art\/wp-content\/uploads\/2025\/10\/25-Paisaje-Figura-1536x785.jpg 1536w\" sizes=\"(max-width: 1949px) 100vw, 1949px\" \/>\t\t\t\t\t\t\t\t\t<\/a>\n\t\t\t\t\t<\/div>\n\t<\/div>\n\t\t\t\t<\/div>\n\t\t\t\t<\/div>\n\t\t\t\t\t<\/div>\n\t\t<\/div>\n\t\t\t\t\t<\/div>\n\t\t<\/section>\n\t\t\t\t<section data-dynamic-background-color=\"#FFFFFF\" class=\"elementor-section elementor-top-section elementor-element elementor-element-218eddb elementor-section-full_width elementor-section-height-default elementor-section-height-default qodef-elementor-content-no qodef-elementor-column-no\" data-id=\"218eddb\" data-element_type=\"section\" data-settings=\"{&quot;background_background&quot;:&quot;classic&quot;}\">\n\t\t\t\t\t\t<div class=\"elementor-container elementor-column-gap-default\">\n\t\t\t\t\t<div class=\"elementor-column elementor-col-50 elementor-top-column elementor-element elementor-element-c1b45be\" data-id=\"c1b45be\" data-element_type=\"column\">\n\t\t\t<div class=\"elementor-widget-wrap elementor-element-populated\">\n\t\t\t\t\t\t<div class=\"elementor-element elementor-element-f747721 elementor-widget elementor-widget-text-editor\" data-id=\"f747721\" data-element_type=\"widget\" data-widget_type=\"text-editor.default\">\n\t\t\t\t\t\t\t\t\t<h4><strong>Paisaje y figura<\/strong><\/h4>\t\t\t\t\t\t\t\t<\/div>\n\t\t\t\t<div class=\"elementor-element elementor-element-e926ebb elementor-widget elementor-widget-text-editor\" data-id=\"e926ebb\" data-element_type=\"widget\" data-widget_type=\"text-editor.default\">\n\t\t\t\t\t\t\t\t\t<p><strong>T\u00e9cnica:<\/strong> Carboncillo y acr\u00edlico sobre madera<br \/><strong>Medidas:<\/strong> 90 x 160 x 4 cm.<br \/><strong>A\u00f1o:<\/strong> 2023<\/p>\t\t\t\t\t\t\t\t<\/div>\n\t\t\t\t\t<\/div>\n\t\t<\/div>\n\t\t\t\t<div class=\"elementor-column elementor-col-50 elementor-top-column elementor-element elementor-element-2ee5c1e\" data-id=\"2ee5c1e\" data-element_type=\"column\">\n\t\t\t<div class=\"elementor-widget-wrap\">\n\t\t\t\t\t\t\t<\/div>\n\t\t<\/div>\n\t\t\t\t\t<\/div>\n\t\t<\/section>\n\t\t\t\t<section data-dynamic-background-color=\"#FFFFFF\" class=\"elementor-section elementor-top-section elementor-element elementor-element-a0fc79f elementor-section-full_width elementor-section-height-default elementor-section-height-default qodef-elementor-content-no qodef-elementor-column-no\" data-id=\"a0fc79f\" data-element_type=\"section\" data-settings=\"{&quot;background_background&quot;:&quot;classic&quot;}\">\n\t\t\t\t\t\t<div class=\"elementor-container elementor-column-gap-default\">\n\t\t\t\t\t<div class=\"elementor-column elementor-col-50 elementor-top-column elementor-element elementor-element-8541a32\" data-id=\"8541a32\" data-element_type=\"column\">\n\t\t\t<div class=\"elementor-widget-wrap elementor-element-populated\">\n\t\t\t\t\t\t<div class=\"elementor-element elementor-element-6e7acea elementor-widget__width-initial elementor-widget elementor-widget-hiroshi_core_single_image\" data-id=\"6e7acea\" data-element_type=\"widget\" data-widget_type=\"hiroshi_core_single_image.default\">\n\t\t\t\t<div class=\"elementor-widget-container\">\n\t\t\t\t\t<div class=\"qodef-shortcode qodef-m qodef-single-image qodef-layout--default\">\n\t\t\t<div class=\"qodef-m-image\">\n\t\t\t\t\t\t<a class=\"qodef-magnific-popup qodef-popup-item\" itemprop=\"image\" href=\"https:\/\/oscarazula.art\/wp-content\/uploads\/2025\/10\/27-Figura-Fraccionada.jpg\" data-type=\"image\" title=\"27 Figura Fraccionada\">\n\t\t\t\t\t\t\t\t\t<img loading=\"lazy\" decoding=\"async\" width=\"2362\" height=\"2362\" src=\"https:\/\/oscarazula.art\/wp-content\/uploads\/2025\/10\/27-Figura-Fraccionada.jpg\" class=\"attachment-full size-full\" alt=\"\" srcset=\"https:\/\/oscarazula.art\/wp-content\/uploads\/2025\/10\/27-Figura-Fraccionada.jpg 2362w, https:\/\/oscarazula.art\/wp-content\/uploads\/2025\/10\/27-Figura-Fraccionada-300x300.jpg 300w, https:\/\/oscarazula.art\/wp-content\/uploads\/2025\/10\/27-Figura-Fraccionada-100x100.jpg 100w, https:\/\/oscarazula.art\/wp-content\/uploads\/2025\/10\/27-Figura-Fraccionada-600x600.jpg 600w, https:\/\/oscarazula.art\/wp-content\/uploads\/2025\/10\/27-Figura-Fraccionada-1024x1024.jpg 1024w, https:\/\/oscarazula.art\/wp-content\/uploads\/2025\/10\/27-Figura-Fraccionada-150x150.jpg 150w, https:\/\/oscarazula.art\/wp-content\/uploads\/2025\/10\/27-Figura-Fraccionada-768x768.jpg 768w, https:\/\/oscarazula.art\/wp-content\/uploads\/2025\/10\/27-Figura-Fraccionada-1536x1536.jpg 1536w, https:\/\/oscarazula.art\/wp-content\/uploads\/2025\/10\/27-Figura-Fraccionada-2048x2048.jpg 2048w, https:\/\/oscarazula.art\/wp-content\/uploads\/2025\/10\/27-Figura-Fraccionada-650x650.jpg 650w, https:\/\/oscarazula.art\/wp-content\/uploads\/2025\/10\/27-Figura-Fraccionada-1300x1300.jpg 1300w\" sizes=\"(max-width: 2362px) 100vw, 2362px\" \/>\t\t\t\t\t\t\t\t\t<\/a>\n\t\t\t\t\t<\/div>\n\t<\/div>\n\t\t\t\t<\/div>\n\t\t\t\t<\/div>\n\t\t\t\t\t<\/div>\n\t\t<\/div>\n\t\t\t\t<div class=\"elementor-column elementor-col-50 elementor-top-column elementor-element elementor-element-b8ce002\" data-id=\"b8ce002\" data-element_type=\"column\">\n\t\t\t<div class=\"elementor-widget-wrap elementor-element-populated\">\n\t\t\t\t\t\t<div class=\"elementor-element elementor-element-a8917d6 elementor-widget elementor-widget-text-editor\" data-id=\"a8917d6\" data-element_type=\"widget\" data-widget_type=\"text-editor.default\">\n\t\t\t\t\t\t\t\t\t<h4><strong>Figura fraccionada<\/strong><\/h4>\t\t\t\t\t\t\t\t<\/div>\n\t\t\t\t<div class=\"elementor-element elementor-element-ba2fdf5 elementor-widget elementor-widget-text-editor\" data-id=\"ba2fdf5\" data-element_type=\"widget\" data-widget_type=\"text-editor.default\">\n\t\t\t\t\t\t\t\t\t<p><strong>T\u00e9cnica:<\/strong> Carboncillo y acr\u00edlico sobre madera (Escultura).<br \/><strong>Medidas:<\/strong> 77 x 183 x 9 cm.<br \/><strong>A\u00f1o:<\/strong> 2024<\/p>\t\t\t\t\t\t\t\t<\/div>\n\t\t\t\t\t<\/div>\n\t\t<\/div>\n\t\t\t\t\t<\/div>\n\t\t<\/section>\n\t\t\t\t<section data-dynamic-background-color=\"#FFFFFF\" class=\"elementor-section elementor-top-section elementor-element elementor-element-49daf46 elementor-section-full_width elementor-section-height-default elementor-section-height-default qodef-elementor-content-no qodef-elementor-column-no\" data-id=\"49daf46\" data-element_type=\"section\" data-settings=\"{&quot;background_background&quot;:&quot;classic&quot;}\">\n\t\t\t\t\t\t<div class=\"elementor-container elementor-column-gap-default\">\n\t\t\t\t\t<div class=\"elementor-column elementor-col-50 elementor-top-column elementor-element elementor-element-c5fd868\" data-id=\"c5fd868\" data-element_type=\"column\">\n\t\t\t<div class=\"elementor-widget-wrap\">\n\t\t\t\t\t\t\t<\/div>\n\t\t<\/div>\n\t\t\t\t<div class=\"elementor-column elementor-col-50 elementor-top-column elementor-element elementor-element-2fda914\" data-id=\"2fda914\" data-element_type=\"column\">\n\t\t\t<div class=\"elementor-widget-wrap elementor-element-populated\">\n\t\t\t\t\t\t<div class=\"elementor-element elementor-element-276e1b9 elementor-fixed elementor-widget elementor-widget-qi_addons_for_elementor_info_button\" data-id=\"276e1b9\" data-element_type=\"widget\" data-settings=\"{&quot;_position&quot;:&quot;fixed&quot;}\" data-widget_type=\"qi_addons_for_elementor_info_button.default\">\n\t\t\t\t<div class=\"elementor-widget-container\">\n\t\t\t\t\t<a class=\"qodef-shortcode qodef-m qodef-qi-info-button qodef-html--link qodef-layout--filled qodef-type--icon-boxed qodef-size--large qodef-icon--right qodef-hover--icon-move-horizontal-short\" href=\"https:\/\/oscarazula.art\/index.php\/dibujo\/\" target=\"_self\">\n\t<div class=\"qodef-m-text-holder\">\n\t\t<span class=\"qodef-m-text\">Dibujo<\/span>\n\t\t\t\t\t<span class=\"qodef-m-subtext\">Ver obras<\/span>\n\t\t\t<\/div>\n\t\t\t<span class=\"qodef-m-icon\">\n\t\t<span class=\"qodef-m-icon-inner\">\n\t\t\t<svg aria-hidden=\"true\" class=\"e-font-icon-svg e-far-paper-plane\" viewBox=\"0 0 512 512\" xmlns=\"http:\/\/www.w3.org\/2000\/svg\"><path d=\"M440 6.5L24 246.4c-34.4 19.9-31.1 70.8 5.7 85.9L144 379.6V464c0 46.4 59.2 65.5 86.6 28.6l43.8-59.1 111.9 46.2c5.9 2.4 12.1 3.6 18.3 3.6 8.2 0 16.3-2.1 23.6-6.2 12.8-7.2 21.6-20 23.9-34.5l59.4-387.2c6.1-40.1-36.9-68.8-71.5-48.9zM192 464v-64.6l36.6 15.1L192 464zm212.6-28.7l-153.8-63.5L391 169.5c10.7-15.5-9.5-33.5-23.7-21.2L155.8 332.6 48 288 464 48l-59.4 387.3z\"><\/path><\/svg>\t\t\t\t\t<\/span>\n\t<\/span>\n<\/a>\n\t\t\t\t<\/div>\n\t\t\t\t<\/div>\n\t\t\t\t<div class=\"elementor-element elementor-element-4f44b28 elementor-widget__width-auto elementor-fixed elementor-widget elementor-widget-qi_addons_for_elementor_info_button\" data-id=\"4f44b28\" data-element_type=\"widget\" data-settings=\"{&quot;_position&quot;:&quot;fixed&quot;}\" data-widget_type=\"qi_addons_for_elementor_info_button.default\">\n\t\t\t\t<div class=\"elementor-widget-container\">\n\t\t\t\t\t<a class=\"qodef-shortcode qodef-m qodef-qi-info-button qodef-html--link qodef-layout--filled qodef-type--icon-boxed qodef-size--large qodef-icon--right qodef-hover--icon-move-horizontal-short\" href=\"https:\/\/oscarazula.art\/index.php\/dibujo-instalativo\/\" target=\"_self\">\n\t<div class=\"qodef-m-text-holder\">\n\t\t<span class=\"qodef-m-text\">Dibujo instalativo<\/span>\n\t\t\t\t\t<span class=\"qodef-m-subtext\">Ver obras<\/span>\n\t\t\t<\/div>\n\t\t\t<span class=\"qodef-m-icon\">\n\t\t<span class=\"qodef-m-icon-inner\">\n\t\t\t<svg aria-hidden=\"true\" class=\"e-font-icon-svg e-far-paper-plane\" viewBox=\"0 0 512 512\" xmlns=\"http:\/\/www.w3.org\/2000\/svg\"><path d=\"M440 6.5L24 246.4c-34.4 19.9-31.1 70.8 5.7 85.9L144 379.6V464c0 46.4 59.2 65.5 86.6 28.6l43.8-59.1 111.9 46.2c5.9 2.4 12.1 3.6 18.3 3.6 8.2 0 16.3-2.1 23.6-6.2 12.8-7.2 21.6-20 23.9-34.5l59.4-387.2c6.1-40.1-36.9-68.8-71.5-48.9zM192 464v-64.6l36.6 15.1L192 464zm212.6-28.7l-153.8-63.5L391 169.5c10.7-15.5-9.5-33.5-23.7-21.2L155.8 332.6 48 288 464 48l-59.4 387.3z\"><\/path><\/svg>\t\t\t\t\t<\/span>\n\t<\/span>\n<\/a>\n\t\t\t\t<\/div>\n\t\t\t\t<\/div>\n\t\t\t\t\t<\/div>\n\t\t<\/div>\n\t\t\t\t\t<\/div>\n\t\t<\/section>\n\t\t\t\t<\/div>\n\t\t","protected":false},"excerpt":{"rendered":"<p>Mano T\u00e9cnica: Carboncillo sobre papel, acetato sobre vidrioMedidas: 90 x 90 cm.A\u00f1o: 2020 Pie T\u00e9cnica: Carboncillo sobre papel, acetato y esmalte sobre vidrioMedidas: 90 x 90 cm.A\u00f1o: 2020 Paisaje y figura T\u00e9cnica: Carboncillo y acr\u00edlico sobre maderaMedidas: 90 x 160 x 4 cm.A\u00f1o: 2023 Figura fraccionada T\u00e9cnica: Carboncillo y acr\u00edlico sobre madera (Escultura).Medidas: 77 x [&hellip;]<\/p>\n","protected":false},"author":1,"featured_media":0,"parent":0,"menu_order":0,"comment_status":"closed","ping_status":"closed","template":"page-full-width.php","meta":{"footnotes":""},"class_list":["post-9594","page","type-page","status-publish","hentry"],"_links":{"self":[{"href":"https:\/\/oscarazula.art\/index.php\/wp-json\/wp\/v2\/pages\/9594","targetHints":{"allow":["GET"]}}],"collection":[{"href":"https:\/\/oscarazula.art\/index.php\/wp-json\/wp\/v2\/pages"}],"about":[{"href":"https:\/\/oscarazula.art\/index.php\/wp-json\/wp\/v2\/types\/page"}],"author":[{"embeddable":true,"href":"https:\/\/oscarazula.art\/index.php\/wp-json\/wp\/v2\/users\/1"}],"replies":[{"embeddable":true,"href":"https:\/\/oscarazula.art\/index.php\/wp-json\/wp\/v2\/comments?post=9594"}],"version-history":[{"count":49,"href":"https:\/\/oscarazula.art\/index.php\/wp-json\/wp\/v2\/pages\/9594\/revisions"}],"predecessor-version":[{"id":10248,"href":"https:\/\/oscarazula.art\/index.php\/wp-json\/wp\/v2\/pages\/9594\/revisions\/10248"}],"wp:attachment":[{"href":"https:\/\/oscarazula.art\/index.php\/wp-json\/wp\/v2\/media?parent=9594"}],"curies":[{"name":"wp","href":"https:\/\/api.w.org\/{rel}","templated":true}]}}